{"id":175,"date":"2020-12-27T18:00:48","date_gmt":"2020-12-27T17:00:48","guid":{"rendered":"http:\/\/divorce.lomari-avocats.fr\/?page_id=175"},"modified":"2021-01-01T07:55:54","modified_gmt":"2021-01-01T06:55:54","slug":"mentions-legales-confidentialite","status":"publish","type":"page","link":"https:\/\/divorce.lomari-avocats.fr\/index.php\/mentions-legales-confidentialite\/","title":{"rendered":"Mentions l\u00e9gales &#038; confidentialit\u00e9"},"content":{"rendered":"<p>[et_pb_section fb_built=&#8221;1&#8243; _builder_version=&#8221;4.7.7&#8243; _module_preset=&#8221;default&#8221;][et_pb_row _builder_version=&#8221;4.7.7&#8243; _module_preset=&#8221;default&#8221;][et_pb_column _builder_version=&#8221;4.7.7&#8243; _module_preset=&#8221;default&#8221; type=&#8221;4_4&#8243;][et_pb_text _builder_version=&#8221;4.7.7&#8243; _module_preset=&#8221;default&#8221; hover_enabled=&#8221;0&#8243; sticky_enabled=&#8221;0&#8243;]<\/p>\n<h3><\/h3>\n<h3>Article 1 \u2013 MENTIONS L\u00c9GALES<\/h3>\n<p class=\"p1\"><strong><span class=\"s1\">Le pr\u00e9sent site est la propri\u00e9t\u00e9 de Ma\u00eetre Laura-Eva LOMARI.<\/span><\/strong><\/p>\n<p class=\"p3\"><span class=\"s1\"><strong>Responsable de publication<\/strong><span>\u00a0<\/span>: Ma\u00eetre Laura-Eva Lomari<\/span><\/p>\n<p class=\"p3\"><strong><span class=\"s1\">Coordonn\u00e9es :<\/span><\/strong><\/p>\n<p class=\"p3\"><span class=\"s1\">Laura-Eva Lomari<\/span><\/p>\n<p class=\"p3\"><span class=\"s1\">Avocat au barreau de SAINT-DENIS<\/span><\/p>\n<p class=\"p3\"><span class=\"s1\">16 ruelle Acoly -97400 SAINT-DENIS<\/span><\/p>\n<p class=\"p3\"><span class=\"s1\">La R\u00e9union<\/span><\/p>\n<p class=\"p3\"><span class=\"s1\">Tel : 02 62 52 53 84 \u2013 Fax : 02 62 66 24 16<\/span><\/p>\n<p class=\"p3\"><span class=\"s1\">mail :<span>\u00a0<\/span><a href=\"mailto:lomari@lomari-avocats.fr\"><span class=\"s2\">lomari@lomari-avocats.fr<\/span><\/a><\/span><\/p>\n<p class=\"p3\"><span class=\"s1\">SIRET : 791 191 083 00033<\/span><\/p>\n<p><strong>H\u00e9bergeur du site :<\/strong><span>\u00a0<\/span>OVH<br \/>Raison sociale : SAS au capital de 10 069 020 \u20ac immatricul\u00e9e au RCS de LILLE M\u00c9TROPOLE sous le n\u00b0 424 761 419 00045<br \/>Code APE 2620Z<br \/>N\u00b0 TVA : FR 22 424 761 419<br \/>Si\u00e8ge social : 2 rue Kellermann \u2013 59100 Roubaix \u2013 France<\/p>\n<h3><\/h3>\n<h3><\/h3>\n<h3>Article 2 \u2013 INFORMATIONS RGPD<\/h3>\n<blockquote class=\"wp-block-quote\">\n<p><em>Articles 13 et 14 du RGPD et Article 32 de la loi Informatique et libert\u00e9s<\/em><\/p>\n<\/blockquote>\n<p>La pr\u00e9sente politique de confidentialit\u00e9 est fond\u00e9e sur le R\u00e8glement UE 2016\/679 relatif \u00e0 la protection des donn\u00e9es (RGPD), sur la Loi n\u00b0 78-17 du 6 janvier 1978 relative \u00e0 l\u2019informatique, aux fichiers et aux libert\u00e9s, ainsi que sur votre consentement \u00e9clair\u00e9.<\/p>\n<p>Elle a pour objectif de vous informer sur le traitement de vos donn\u00e9es \u00e0 caract\u00e8re personnel.<\/p>\n<p>Cette politique de confidentialit\u00e9 ne s\u2019applique qu\u2019aux renseignements recueillis par le pr\u00e9sent site, bien que ce dernier puisse contenir des liens vers d\u2019autres sites externes.<\/p>\n<p>Nous nous r\u00e9servons la possibilit\u00e9 de modifier \u00e0 tout moment cette politique de confidentialit\u00e9, ces modifications entrant en vigueur imm\u00e9diatement. \u00c0 chaque nouvelle utilisation du pr\u00e9sent site, vous vous soumettez \u00e0 la politique de confidentialit\u00e9 en vigueur.<\/p>\n<p>Aussi, nous vous invitons \u00e0 relire r\u00e9guli\u00e8rement cette page afin de maintenir votre consentement.<\/p>\n<h4>Quels renseignements sont collect\u00e9s sur ce site\u00a0?<\/h4>\n<p>Lorsque vous visitez le pr\u00e9sent site internet, vous demeurez anonyme. Les informations collect\u00e9es au cours de votre navigations servent \u00e0 analyser votre comportement sur ce site et l\u2019usage que vous en avez afin d\u2019am\u00e9liorer votre exp\u00e9rience utilisateur.<\/p>\n<p>Les autres donn\u00e9es personnelles que nous collectons ne le sont que si vous acceptez de nous les fournir dans le cadre de la gestion de votre affaire, en remplissant l&#8217;un des formulaires pr\u00e9sents sur le site.<\/p>\n<p>Nous nous engageons par ailleurs \u00e0 ne recueillir que les informations strictement n\u00e9cessaires au traitement de votre demande. Les donn\u00e9es ainsi recueillies lorsque vous remplissez le formulaire de contact sont les suivantes :<\/p>\n<ul>\n<li>Nom, Pr\u00e9noms : il s\u2019agit pour l\u2019avocat de pouvoir vous identifier et v\u00e9rifier s\u2019il ne se heurte pas \u00e0 une situation de conflit d\u2019int\u00e9r\u00eats.<\/li>\n<li>Courriel, message : il s\u2019agit pour l\u2019avocat de pouvoir vous recontacter en toute facilit\u00e9, par courriel ou par t\u00e9l\u00e9phone, pour vous conseiller dans vos d\u00e9marches ou encore pour convenir d\u2019un rendez-vous.<\/li>\n<\/ul>\n<p>Lorsque vous remplissez un formulaire correspondant \u00e0 une prestation (&#8220;Capsules&#8221;) ou \u00e0 une demande de devis, les informations collect\u00e9es sont destin\u00e9es \u00e0 assurer le traitement de votre demande, et \u00e0 v\u00e9rifier que la Capsule choisie corresponde effectivement \u00e0 votre situation.\u00a0<\/p>\n<p>Toute autre donn\u00e9e personnelle communiqu\u00e9e par le biais de ce formulaire est le seul fruit de votre volont\u00e9. La m\u00eame garantie de confidentialit\u00e9 lui est assur\u00e9e.<\/p>\n<h4>Pourquoi collectons-nous vos donn\u00e9es personnelles\u00a0?<\/h4>\n<p>Vos donn\u00e9es personnelles sont collect\u00e9es dans le seul but de\u00a0garantir une gestion optimale la relation entre vous et l\u2019avocat (demande de renseignements, demande de contact, demande de devis\u2026) ou pour le traitement de votre dossier.<\/p>\n<p>Lorsqu&#8217;un dossier est ouvert au Cabinet, vous \u00eates inform\u00e9 que\u00a0<span style=\"font-size: 14px;\">l&#8217;Avocat utilise un logiciel professionnel, lequel est amen\u00e9 \u00e0 utiliser des donn\u00e9es \u00e0 caract\u00e8re personnel, transmises par le Client et ce, aux seules fins du traitement optimum de son dossier.<\/span><\/p>\n<p>Le client donne express\u00e9ment son accord \u00e0 l&#8217;utilisation desdites donn\u00e9es.<\/p>\n<p>Il est express\u00e9ment inform\u00e9 qu&#8217;il est en droit de s&#8217;y opposer et qu&#8217;il est en droit \u00e9galement de r\u00e9cup\u00e9rer les donn\u00e9es qu&#8217;il a fournies \u00e0 premi\u00e8re demande.<\/p>\n<p>Pour toute demande \u00e0 ce titre, le Client pourra s&#8217;adresser au responsable du traitement des donn\u00e9es personnelles au sein du Cabinet, \u00e0 savoir : Ma\u00eetre Laura-Eva Lomari.<\/p>\n<p>Il est \u00e9galement express\u00e9ment indiqu\u00e9 au Client qu&#8217;il est en droit de solliciter la rectification ou l&#8217;effacement de donn\u00e9es ainsi que d&#8217;exercer son droit \u00e0 leur portabilit\u00e9 ; qu&#8217;il peut \u00e9galement notifier sa volont\u00e9 de s&#8217;opposer au traitement \u00e0 tout moment.<\/p>\n<p>L&#8217;Avocat informe le client de ce qu&#8217;il a mis en \u0153uvre les mesures techniques et organisationnelles n\u00e9cessaires au respect de la protection des donn\u00e9es personnelles et qu&#8217;il s&#8217;est assur\u00e9 que ses prestataires et sous-traitants \u00e9taient \u00e9galement en conformit\u00e9 avec la r\u00e8glementation \u00e0 ce titre.<\/p>\n<p>L&#8217;Avocat informe le Client de ce que ces donn\u00e9es sont conserv\u00e9es exclusivement pour les besoins du traitement de son dossier pendant que ce dernier est en cours, et apr\u00e8s cl\u00f4ture de ce dernier, durant cinq ans.<\/p>\n<p>Les donn\u00e9es personnelles du Client collect\u00e9es sont uniquement destin\u00e9es au Cabinet et n&#8217;ont pas vocation \u00e0 \u00eatre diffus\u00e9es \u00e0 l&#8217;ext\u00e9rieur de ce dernier, sauf imp\u00e9ratif li\u00e9 \u00e0 la mission elle-m\u00eame.<span style=\"font-size: 14px;\">\u00a0<\/span><\/p>\n<p>Les donn\u00e9es ainsi collect\u00e9es sont en tout \u00e9tat de cause strictement limit\u00e9es \u00e0 l&#8217;exercice de sa mission par l&#8217;Avocat.<\/p>\n<p>&nbsp;<\/p>\n<h4>Comment vos donn\u00e9es \u00e0 caract\u00e8re personnel sont-elles utilis\u00e9es\u00a0?<\/h4>\n<p>Nous nous engageons \u00e0 respecter la stricte confidentialit\u00e9 de vos donn\u00e9es personnelles et de les utiliser uniquement pour les finalit\u00e9s pour lesquelles vous avez accept\u00e9 de nous les communiquer. Ces donn\u00e9es sont conserv\u00e9es uniquement pendant la dur\u00e9e de notre collaboration augment\u00e9e du d\u00e9lai de prescription l\u00e9gale. Apr\u00e8s quoi, elles seront d\u00e9truites.<\/p>\n<p>Nous pouvons \u00eatre amen\u00e9s \u00e0 les transf\u00e9rer \u00e0 des tiers tels que prestataire informatique le cas \u00e9ch\u00e9ant, ou l\u2019h\u00e9bergeur. Nous vous garantissons cependant qu\u2019elles seront transf\u00e9r\u00e9es selon un protocole s\u00e9curis\u00e9 et trait\u00e9es par ces derniers avec le plus grand soin et le maximum de s\u00e9curit\u00e9.<\/p>\n<h4>Qui est responsable de vos donn\u00e9es personnelles ?<\/h4>\n<p>Ma\u00eetre Laura-Eva Lomari est responsable du traitement de vos donn\u00e9es \u00e0 caract\u00e8re personnel. Elle peut \u00eatre contact\u00e9e :<\/p>\n<ul>\n<li>par courriel : lomari@lomari-avocats.fr ;<\/li>\n<li>par t\u00e9l\u00e9phone : 02 62 52 53 84 ;<\/li>\n<li>par courrier : 16 ruelle Acoly \u2014 97400 SAINT-DENIS.<\/li>\n<\/ul>\n<p>En sa qualit\u00e9 de responsable du traitement de vos donn\u00e9es personnelles, elle est charg\u00e9e de d\u00e9terminer les finalit\u00e9s et les moyens mis en \u0153uvre pour leur garantir un traitement optimal.<\/p>\n<p>Vous avez un droit d\u2019acc\u00e8s, de correction et de retrait de vos donn\u00e9es personnelles. Vous pouvez exercer ce droit, par exemple en les mettant \u00e0 jour, en nous demandant de les rectifier, de les compl\u00e9ter ou de les mettre \u00e0 jour,\u00a0 en nous contactant aux coordonn\u00e9es vis\u00e9es ci-dessus, et en joignant \u00e0 votre demande une copie d\u2019une pi\u00e8ce d\u2019identit\u00e9 en cours de validit\u00e9 (carte d\u2019identit\u00e9, passeport ou permis de conduire).<\/p>\n<p>Vous avez le droit d\u2019introduire une r\u00e9clamation aupr\u00e8s de la CNIL si vous l\u2019estimez n\u00e9cessaire. Dans ce cas, nous vous invitons \u00e0 consulter leur site internet aux fins de conna\u00eetre les modalit\u00e9s d\u2019ex\u00e9cution (<a href=\"https:\/\/www.cnil.fr\/\" target=\"_blank\" rel=\"noreferrer noopener\">www.cnil.fr<\/a>).<\/p>\n<p>Vous avez \u00e9galement un droit \u00e0 la portabilit\u00e9 de vos donn\u00e9es \u00e0 caract\u00e8re personnel. Vous pouvez, \u00e0 la m\u00eame adresse que pr\u00e9c\u00e9demment, demander \u00e0 ce que l\u2019on vous restitue sur un support utilisable toutes les donn\u00e9es personnelles que vous nous avez fournies en vue par exemple de les transf\u00e9rer \u00e0 un tiers.<\/p>\n<p>Enfin, vous avez un droit d\u2019opposition au traitement de vos donn\u00e9es pour des motifs l\u00e9gitimes ainsi qu\u2019un droit d\u2019opposition \u00e0 ce que ces donn\u00e9es soient utilis\u00e9es \u00e0 d\u2019autres fins que celles auxquelles vous avez consenti. Vous pouvez user de ce droit en contactant le responsable de traitement \u00e0 l\u2019adresse rappel\u00e9e ci-dessus.<\/p>\n<p>L\u2019utilisateur du site https:\/\/divorce.lomari-avocats.fr\/ reconna\u00eet disposer de la comp\u00e9tence et des moyens n\u00e9cessaires pour acc\u00e9der et utiliser ce site. Il reconna\u00eet \u00e9galement avoir pris connaissance de la pr\u00e9sente politique de confidentialit\u00e9 et s\u2019engage \u00e0 la respecter.<\/p>\n<h3><\/h3>\n<h3>Article 3 \u2013 MENTIONS D\u2019INFORMATION RELATIVES AUX COOKIES<\/h3>\n<p>Les informations recueillies via le pr\u00e9sent site proviennent de l\u2019enregistrement volontaire d\u2019un courriel, d\u2019un num\u00e9ro de t\u00e9l\u00e9phone et\/ou d\u2019une adresse postale fournis par l\u2019internaute. Elles lui permettront de recevoir une documentation, de se renseigner sur un point de droit quelconque ou d\u2019\u00eatre contact\u00e9 par l\u2019avocat. Ces informations ne sont jamais communiqu\u00e9es \u00e0 un tiers. Les traitements r\u00e9alis\u00e9s via le pr\u00e9sent site \u00e9tant constitu\u00e9s en vue d\u2019information sont des traitements courants qui ne sont pas susceptibles de porter atteinte \u00e0 la vie priv\u00e9e des personnes dans le cadre de leur utilisation r\u00e9guli\u00e8re.<\/p>\n<p>L\u2019utilisateur est inform\u00e9 que lors de ses visites sur le site, un cookie peut s\u2019installer automatiquement sur son logiciel de navigation.<\/p>\n<p>Les cookies sont des traceurs d\u00e9pos\u00e9s et lus lors de la consultation du site Internet du cabinet, de la lecture d\u2019un courrier \u00e9lectronique, de l\u2019installation ou de l\u2019utilisation d\u2019un logiciel. Ils ont pour finalit\u00e9 d\u2019analyser la navigation et la fr\u00e9quentation du site Internet du cabinet.<\/p>\n<p>L\u2019utilisateur peut d\u00e9sactiver ce cookie par l\u2019interm\u00e9diaire des param\u00e8tres figurant au sein de son logiciel de navigation.<\/p>\n<h3><\/h3>\n<h3>Article 4 \u2013 MENTIONS RELATIVES AUX LITIGES<\/h3>\n<blockquote class=\"wp-block-quote\">\n<p>Articles L. 612-1 et suivants de l\u2019ordonnance n\u00b0 2016-301 du 14 mars 2016<\/p>\n<\/blockquote>\n<p>Vous avez la possibilit\u00e9, en cas de litige avec un avocat,<span>\u00a0<\/span><span class=\"s14\">d\u2019avoir recours \u00e0 un m\u00e9diateur de la consommation de la profession d\u2019avocat :\u00a0\u00a0<\/span><\/p>\n<p class=\"s19\"><span class=\"s14\">Carole<span>\u00a0<\/span><\/span><span class=\"s14\">Pascarel<\/span><span class=\"s14\">,<\/span><span class=\"s14\"><span>\u00a0<\/span>m\u00e9diateur de la consommation de la profession d\u2019avocat\u00a0\u00a0<\/span><\/p>\n<p class=\"s19\"><span class=\"s14\">Adresse postale : 22 rue de Londres, 75009 Paris\u00a0\u00a0<\/span><\/p>\n<p class=\"s19\"><span class=\"s14\">Adresse email : mediateur@mediateur-consommation-avocat.fr\u00a0\u00a0<\/span><\/p>\n<p class=\"s19\"><span class=\"s14\">Site Internet :\u00a0<\/span><a href=\"https:\/\/mediateur-consommation-avocat.fr\/\"><span class=\"s14\">https:\/\/mediateur-consommation-avocat.fr<\/span><\/a><span class=\"s14\">\u00a0<\/span><\/p>\n<p class=\"s19\"><span class=\"s14\">La saisine du m\u00e9diateur ne peut intervenir qu\u2019apr\u00e8s avoir tent\u00e9 au pr\u00e9alable de r\u00e9soudre le litige directement aupr\u00e8s de l\u2019avocat par une r\u00e9clamation \u00e9crite.\u00a0<\/span><\/p>\n<h3>Article 5 \u2013 PROPRI\u00c9T\u00c9 INTELLECTUELLE<\/h3>\n<p>L\u2019ensemble des \u00e9l\u00e9ments, images et textes composant le site https:\/\/divorce.lomari-avocats.fr\/, et notamment les logos figurant sur le site sont des \u00e9l\u00e9ments prot\u00e9g\u00e9s par les dispositions du droit de la propri\u00e9t\u00e9 intellectuelle et ne peuvent faire l\u2019objet, sans consentement de leur propri\u00e9taire, d\u2019aucune reproduction ni repr\u00e9sentation partielle ou totale.<\/p>\n<p>[\/et_pb_text][\/et_pb_column][\/et_pb_row][\/et_pb_section]<\/p>\n","protected":false},"excerpt":{"rendered":"<p>Article 1 \u2013 MENTIONS L\u00c9GALES Le pr\u00e9sent site est la propri\u00e9t\u00e9 de Ma\u00eetre Laura-Eva LOMARI. Responsable de publication\u00a0: Ma\u00eetre Laura-Eva Lomari Coordonn\u00e9es : Laura-Eva Lomari Avocat au barreau de SAINT-DENIS 16 ruelle Acoly -97400 SAINT-DENIS La R\u00e9union Tel : 02 62 52 53 84 \u2013 Fax : 02 62 66 24 16 mail :\u00a0lomari@lomari-avocats.fr SIRET [&hellip;]<\/p>\n","protected":false},"author":1,"featured_media":0,"parent":0,"menu_order":0,"comment_status":"closed","ping_status":"closed","template":"","meta":{"_et_pb_use_builder":"on","_et_pb_old_content":"","_et_gb_content_width":"","spay_email":"","footnotes":""},"_links":{"self":[{"href":"https:\/\/divorce.lomari-avocats.fr\/index.php\/wp-json\/wp\/v2\/pages\/175"}],"collection":[{"href":"https:\/\/divorce.lomari-avocats.fr\/index.php\/wp-json\/wp\/v2\/pages"}],"about":[{"href":"https:\/\/divorce.lomari-avocats.fr\/index.php\/wp-json\/wp\/v2\/types\/page"}],"author":[{"embeddable":true,"href":"https:\/\/divorce.lomari-avocats.fr\/index.php\/wp-json\/wp\/v2\/users\/1"}],"replies":[{"embeddable":true,"href":"https:\/\/divorce.lomari-avocats.fr\/index.php\/wp-json\/wp\/v2\/comments?post=175"}],"version-history":[{"count":0,"href":"https:\/\/divorce.lomari-avocats.fr\/index.php\/wp-json\/wp\/v2\/pages\/175\/revisions"}],"wp:attachment":[{"href":"https:\/\/divorce.lomari-avocats.fr\/index.php\/wp-json\/wp\/v2\/media?parent=175"}],"curies":[{"name":"wp","href":"https:\/\/api.w.org\/{rel}","templated":true}]}}